{"id":80,"date":"2021-03-20T15:28:01","date_gmt":"2021-03-20T14:28:01","guid":{"rendered":"http:\/\/mennonitisches-ferienheim.de\/wordpress\/?page_id=80"},"modified":"2025-12-30T17:38:13","modified_gmt":"2025-12-30T16:38:13","slug":"hausordnung","status":"publish","type":"page","link":"https:\/\/mennonitisches-ferienheim.de\/?page_id=80","title":{"rendered":"Hausordnung"},"content":{"rendered":"\n<p><strong><em>Wir w\u00fcnschen allen G\u00e4sten einen angenehmen und segensreichen Aufenthalt in unserem Geb\u00e4ude.<\/em><\/strong><\/p>\n\n\n\n<p>Gro\u00dfes zeitliches aber auch finanzielles Engagement vieler ehrenamtlicher Mitarbeiter haben zum Erhalt und Ausbau unseres Freizeitheims beigetragen.<\/p>\n\n\n\n<p>Wir haben daher f\u00fcr das Freizeitheim einige Hausregeln aufgestellt, die helfen sollen, die unterschiedlichen Bed\u00fcrfnisse zu ber\u00fccksichtigen und einen reibungslosen Aufenthalt zu erm\u00f6glichen.<\/p>\n\n\n\n<p>Wir m\u00f6chten Sie bitten, mit dem Haus und der Einrichtung sorgsam und verantwortungsvoll umzugehen. Eventuell vorhandene Sch\u00e4den melden sie bitte gleich bei Bezug.<\/p>\n\n\n\n<ul class=\"wp-block-list\">\n<li>Gruppenleiter und Lehrer sind verantwortlich f\u00fcr ihre Gruppen.<\/li>\n\n\n\n<li>Aus hygienischen Gr\u00fcnden bitten wir jeden Gast, die Betten mit seiner eigenen Bettw\u00e4sche (bitte keine Schlafs\u00e4cke) zu beziehen und Handt\u00fccher mitzubringen. Im Notfall kann Bettw\u00e4sche gegen eine Geb\u00fchr ausgeliehen werden.<\/li>\n\n\n\n<li>Das Einhalten der Lebensmittelhygiene ist in der Verantwortung der Mietenden.<\/li>\n\n\n\n<li>Das Rauchen und der Umgang mit offen Feuer ist im gesamten Geb\u00e4ude verboten<\/li>\n\n\n\n<li>Alkoholgenuss ist im Geb\u00e4ude und auf dem Gel\u00e4nde nicht gestattet.<\/li>\n\n\n\n<li>In unserem Freizeitheim sind Hausschuhe zu tragen.<\/li>\n\n\n\n<li>Lagerfeuer ist nur an der daf\u00fcr vorgesehenen Stelle und nur unter st\u00e4ndiger Aufsicht gestattet.<\/li>\n\n\n\n<li>F\u00fcr Besch\u00e4digungen des Hauses, deren Einrichtungen oder Au\u00dfenanlagen haften die Verursacher. Im Schadenfall hat der verantwortliche Leiter den Sachverhalt mit dem Hausmeister abzukl\u00e4ren und die Schadensregelung zu \u00fcbernehmen. Verursachte Sch\u00e4den werden zu Wiederbeschaffungskosten (Neupreis plus Beschaffungskosten) weiterberechnet.<\/li>\n\n\n\n<li>F\u00fcr Kraftfahrzeuge, Wertsachen, selbstverschuldete oder aus Unachtsamkeit entstandene Unf\u00e4lle wird keine Haftung \u00fcbernommen.<\/li>\n\n\n\n<li>Kontrollen durch den Vermieter sind zwischen 09:00 und 21:00 Uhr zu akzeptieren.<\/li>\n\n\n\n<li>Der Hausmeister oder ein Beauftragter \u00fcben das Hausrecht im Auftrage des Tr\u00e4gervereins aus. Diese k\u00f6nnen bei Nichtbeachtung der Grundregeln ein Hausverbot aussprechen. Das Hausverbot wird m\u00fcndlich begr\u00fcndet.<\/li>\n<\/ul>\n\n\n\n<ul class=\"wp-block-list\">\n<li><mark style=\"background-color:rgba(0, 0, 0, 0)\" class=\"has-inline-color has-global-color-2-color\">Das Laden von Elektroautos und Elektrofahrr\u00e4dern ist aus Sicherheitsgr\u00fcnden nicht gestattet.<\/mark><\/li>\n\n\n\n<li><mark style=\"background-color:rgba(0, 0, 0, 0)\" class=\"has-inline-color has-global-color-2-color\">Das Mitbringen von Haustieren ist nicht erlaubt, da wir auf Allergiker R\u00fccksicht nehmen m\u00fcssen.<\/mark><\/li>\n\n\n\n<li><mark style=\"background-color:rgba(0, 0, 0, 0)\" class=\"has-inline-color has-global-color-2-color\">Das Mitbringen von Whirlpool, Sauna oder \u00e4hnlichen Freizeitger\u00e4ten ist nur nach vorheriger Absprache mit dem Ferienheim erlaubt.<\/mark><\/li>\n<\/ul>\n\n\n\n<p><strong>Endreinigung<\/strong><\/p>\n\n\n\n<ol class=\"wp-block-list\">\n<li>Das Haus ist besenrein zu verlassen, die K\u00fcche muss gereinigt werden und gewischt werden.<\/li>\n\n\n\n<li>Bitte auch alle M\u00fcllbeh\u00e4lter leeren und dabei auf die M\u00fclltrennung achten.<\/li>\n\n\n\n<li>Die Hausreinigung \u00fcbernehmen wir vom Heim. Daf\u00fcr zahlt die Gruppe den aktuellen Satz von 175,- Euro.<\/li>\n<\/ol>\n\n\n\n<p>W\u00fcnsche und Anregungen f\u00fcr das Haus nehmen wir gerne entgegen.<\/p>\n\n\n\n<p>Die Beachtung dieser Hausordnung wird sicherlich zu einem sch\u00f6nen Aufenthalt in unserem Haus beitragen. Dadurch, dass wir jeder Gruppe bzw. Klasse unser Haus weitgehend eigenverantwortlich zur Verf\u00fcgung stellen, bringen wir ihr gro\u00dfes Vertrauen entgegen. Wir bitten, dieses Vertrauen durch Mitverantwortung und Sorgfalt gegen\u00fcber dem Haus und seinen Einrichtungen zu erwidern. Daf\u00fcr bedanken wir uns im Voraus.<\/p>\n\n\n\n<p><strong>Der Vorstand<\/strong><\/p>\n\n\n\n<p><\/p>\n","protected":false},"excerpt":{"rendered":"<p>Wir w\u00fcnschen allen G\u00e4sten einen angenehmen und segensreichen Aufenthalt in unserem Geb\u00e4ude. Gro\u00dfes zeitliches aber auch finanzielles Engagement vieler ehrenamtlicher Mitarbeiter haben [&hellip;]<\/p>\n","protected":false},"author":3,"featured_media":0,"parent":0,"menu_order":0,"comment_status":"closed","ping_status":"closed","template":"page-templates\/page_fullwidth.php","meta":{"footnotes":""},"class_list":["post-80","page","type-page","status-publish","hentry"],"_links":{"self":[{"href":"https:\/\/mennonitisches-ferienheim.de\/index.php?rest_route=\/wp\/v2\/pages\/80","targetHints":{"allow":["GET"]}}],"collection":[{"href":"https:\/\/mennonitisches-ferienheim.de\/index.php?rest_route=\/wp\/v2\/pages"}],"about":[{"href":"https:\/\/mennonitisches-ferienheim.de\/index.php?rest_route=\/wp\/v2\/types\/page"}],"author":[{"embeddable":true,"href":"https:\/\/mennonitisches-ferienheim.de\/index.php?rest_route=\/wp\/v2\/users\/3"}],"replies":[{"embeddable":true,"href":"https:\/\/mennonitisches-ferienheim.de\/index.php?rest_route=%2Fwp%2Fv2%2Fcomments&post=80"}],"version-history":[{"count":12,"href":"https:\/\/mennonitisches-ferienheim.de\/index.php?rest_route=\/wp\/v2\/pages\/80\/revisions"}],"predecessor-version":[{"id":864,"href":"https:\/\/mennonitisches-ferienheim.de\/index.php?rest_route=\/wp\/v2\/pages\/80\/revisions\/864"}],"wp:attachment":[{"href":"https:\/\/mennonitisches-ferienheim.de\/index.php?rest_route=%2Fwp%2Fv2%2Fmedia&parent=80"}],"curies":[{"name":"wp","href":"https:\/\/api.w.org\/{rel}","templated":true}]}}