{"id":31,"date":"2021-03-20T12:41:58","date_gmt":"2021-03-20T11:41:58","guid":{"rendered":"http:\/\/mennonitisches-ferienheim.de\/wordpress\/?page_id=31"},"modified":"2022-11-07T20:57:04","modified_gmt":"2022-11-07T19:57:04","slug":"wilkommen","status":"publish","type":"page","link":"https:\/\/mennonitisches-ferienheim.de\/","title":{"rendered":"Willkommen"},"content":{"rendered":"\n<p>Die Hektik des Alltags, der L\u00e4rm der St\u00e4dte und die Hetze des Alltags liegen weit hinter Ihnen \u2013 Sie sind im Wiehengebirge!<br>Schritt f\u00fcr Schritt dringen Sie in eine andere Welt ein, eine nat\u00fcrliche Welt, die Sie vollst\u00e4ndig in sich aufnimmt.<\/p>\n\n\n\n<p>Manchem scheint es, die Zeit sei hier stehengeblieben, doch das stimmt nicht \u2013 sie flie\u00dft nur langsamer und schafft somit Raum sowohl f\u00fcr besinnliche Erholung als auch f\u00fcr sportliche Aktivit\u00e4t.<\/p>\n\n\n\n<p>Hoch \u00fcber der Stra\u00dfe reichen die B\u00e4ume sich gegenseitig die Zweige und begleiten Sie bis zu der Stelle, an der Sie den Blick \u00fcber Wiesen, \u00c4cker und W\u00e4lder schweifen lassen k\u00f6nnen. Inmitten dieser Idyllischen Landschaft liegt das Mennonitische Ferienheim.<\/p>\n\n\n\n<p><strong>Der Gott der Hoffnung aber erf\u00fclle euch mit aller Freude und allem Frieden im Glauben.<\/strong>&nbsp;R\u00f6mer 15,13<\/p>\n\n\n\n<hr class=\"wp-block-separator has-css-opacity\"\/>\n\n\n\n<figure class=\"wp-block-image aligncenter size-large\"><img loading=\"lazy\" decoding=\"async\" width=\"1024\" height=\"234\" src=\"https:\/\/mennonitisches-ferienheim.de\/wp-content\/uploads\/2022\/11\/image-1024x234.png\" alt=\"\" class=\"wp-image-536\" srcset=\"https:\/\/mennonitisches-ferienheim.de\/wp-content\/uploads\/2022\/11\/image-1024x234.png 1024w, https:\/\/mennonitisches-ferienheim.de\/wp-content\/uploads\/2022\/11\/image-300x68.png 300w, https:\/\/mennonitisches-ferienheim.de\/wp-content\/uploads\/2022\/11\/image-768x175.png 768w, https:\/\/mennonitisches-ferienheim.de\/wp-content\/uploads\/2022\/11\/image-1536x351.png 1536w, https:\/\/mennonitisches-ferienheim.de\/wp-content\/uploads\/2022\/11\/image-920x210.png 920w, https:\/\/mennonitisches-ferienheim.de\/wp-content\/uploads\/2022\/11\/image-230x52.png 230w, https:\/\/mennonitisches-ferienheim.de\/wp-content\/uploads\/2022\/11\/image-350x80.png 350w, https:\/\/mennonitisches-ferienheim.de\/wp-content\/uploads\/2022\/11\/image-480x110.png 480w, https:\/\/mennonitisches-ferienheim.de\/wp-content\/uploads\/2022\/11\/image.png 1630w\" sizes=\"auto, (max-width: 1024px) 100vw, 1024px\" \/><\/figure>\n","protected":false},"excerpt":{"rendered":"<p>Die Hektik des Alltags, der L\u00e4rm der St\u00e4dte und die Hetze des Alltags liegen weit hinter Ihnen \u2013 Sie sind im Wiehengebirge!Schritt [&hellip;]<\/p>\n","protected":false},"author":3,"featured_media":0,"parent":0,"menu_order":0,"comment_status":"closed","ping_status":"closed","template":"page-templates\/page_fullwidth.php","meta":{"footnotes":""},"class_list":["post-31","page","type-page","status-publish","hentry"],"_links":{"self":[{"href":"https:\/\/mennonitisches-ferienheim.de\/index.php?rest_route=\/wp\/v2\/pages\/31","targetHints":{"allow":["GET"]}}],"collection":[{"href":"https:\/\/mennonitisches-ferienheim.de\/index.php?rest_route=\/wp\/v2\/pages"}],"about":[{"href":"https:\/\/mennonitisches-ferienheim.de\/index.php?rest_route=\/wp\/v2\/types\/page"}],"author":[{"embeddable":true,"href":"https:\/\/mennonitisches-ferienheim.de\/index.php?rest_route=\/wp\/v2\/users\/3"}],"replies":[{"embeddable":true,"href":"https:\/\/mennonitisches-ferienheim.de\/index.php?rest_route=%2Fwp%2Fv2%2Fcomments&post=31"}],"version-history":[{"count":13,"href":"https:\/\/mennonitisches-ferienheim.de\/index.php?rest_route=\/wp\/v2\/pages\/31\/revisions"}],"predecessor-version":[{"id":538,"href":"https:\/\/mennonitisches-ferienheim.de\/index.php?rest_route=\/wp\/v2\/pages\/31\/revisions\/538"}],"wp:attachment":[{"href":"https:\/\/mennonitisches-ferienheim.de\/index.php?rest_route=%2Fwp%2Fv2%2Fmedia&parent=31"}],"curies":[{"name":"wp","href":"https:\/\/api.w.org\/{rel}","templated":true}]}}